{"id":3784,"date":"2025-12-12T11:45:28","date_gmt":"2025-12-12T21:45:28","guid":{"rendered":"https:\/\/mooreaprivatetours.com\/?page_id=3784"},"modified":"2026-02-26T23:58:01","modified_gmt":"2026-02-27T09:58:01","slug":"mentions-legales","status":"publish","type":"page","link":"https:\/\/mooreaprivatetours.com\/fr\/mentions-legales\/","title":{"rendered":"Mentions l\u00e9gales"},"content":{"rendered":"\t\t<div data-elementor-type=\"wp-page\" data-elementor-id=\"3784\" class=\"elementor elementor-3784\" data-elementor-post-type=\"page\">\n\t\t\t\t<div class=\"elementor-element elementor-element-394a998b e-flex e-con-boxed wpr-equal-height-no e-con e-parent\" data-id=\"394a998b\" data-element_type=\"container\" data-e-type=\"container\" data-settings=\"{&quot;background_background&quot;:&quot;classic&quot;,&quot;jet_parallax_layout_list&quot;:[]}\">\n\t\t\t\t\t<div class=\"e-con-inner\">\n\t\t\t\t<div class=\"elementor-element elementor-element-73d50a30 elementor-widget__width-initial elementor-widget elementor-widget-heading\" data-id=\"73d50a30\" data-element_type=\"widget\" data-e-type=\"widget\" data-widget_type=\"heading.default\">\n\t\t\t\t<div class=\"elementor-widget-container\">\n\t\t\t\t\t<h1 class=\"elementor-heading-title elementor-size-default\">Mentions l\u00e9gales<\/h1>\t\t\t\t<\/div>\n\t\t\t\t<\/div>\n\t\t\t\t<div class=\"elementor-element elementor-element-22519cbb elementor-widget__width-initial elementor-widget elementor-widget-text-editor\" data-id=\"22519cbb\" data-element_type=\"widget\" data-e-type=\"widget\" data-widget_type=\"text-editor.default\">\n\t\t\t\t<div class=\"elementor-widget-container\">\n\t\t\t\t\t\t\t\t\tmooreaprivatetours.com\t\t\t\t\t\t\t\t<\/div>\n\t\t\t\t<\/div>\n\t\t\t\t\t<\/div>\n\t\t\t\t<\/div>\n\t\t<div class=\"elementor-element elementor-element-1a4d412 e-flex e-con-boxed wpr-equal-height-no e-con e-parent\" data-id=\"1a4d412\" data-element_type=\"container\" data-e-type=\"container\" data-settings=\"{&quot;background_background&quot;:&quot;classic&quot;,&quot;jet_parallax_layout_list&quot;:[]}\">\n\t\t\t\t\t<div class=\"e-con-inner\">\n\t\t\t\t<div class=\"elementor-element elementor-element-6ab3e44 elementor-widget elementor-widget-text-editor\" data-id=\"6ab3e44\" data-element_type=\"widget\" data-e-type=\"widget\" data-widget_type=\"text-editor.default\">\n\t\t\t\t<div class=\"elementor-widget-container\">\n\t\t\t\t\t\t\t\t\t<h2>\u00c9diteur du site<\/h2><p><strong>Moorea Private Tours<\/strong> \u2013 Entreprise individuelle<br \/>G\u00e9rante : <strong>Apolline Jumel<\/strong><br \/>N\u00b0 Tahiti : <strong>C01399<\/strong><br \/>N\u00b0 RCS : <strong>25 1519 A R.C.S. Papeete<br \/><\/strong>Adresse du si\u00e8ge social : <strong>Immeuble Cook Apt 302 Rue Cook \u2013 98714 Papeete \u2013 Polyn\u00e9sie Fran\u00e7aise<\/strong><br \/>Adresse postale : <strong>Apolline Jumel &#8211; BP1079 Papetoai \u2013 98729 Moorea \u2013 Polyn\u00e9sie Fran\u00e7aise<\/strong><br \/>T\u00e9l : <strong>+689 89 54 02 94<\/strong><br \/>Email : <strong>contact@mooreaprivatetours.com<\/strong><br \/>Directeur de publication : <strong>Apolline Jumel<\/strong><\/p><h2>H\u00e9bergeur<\/h2><p>Hostinger International Ltd \u2013 61 Lordou Vironos Street, 6023 Larnaca, Chypre.<\/p><h2>Assurance et autorisations<\/h2><p>Assurance RC Professionnelle en vigueur.<br \/>Licence de transport touristique professionnel.<br \/>V\u00e9hicule assur\u00e9.<\/p><h2>Propri\u00e9t\u00e9 intellectuelle<\/h2><p>Tous contenus (textes, images, logo) sont prot\u00e9g\u00e9s par le droit d\u2019auteur.<br \/>Toute reproduction est interdite sans autorisation \u00e9crite.<\/p><h2>Responsabilit\u00e9<\/h2><p>L\u2019\u00e9diteur ne peut \u00eatre tenu responsable d\u2019erreurs ou interruptions du site.<br \/>Les liens externes rel\u00e8vent de la responsabilit\u00e9 de leurs \u00e9diteurs.<br \/>Le site est soumis au droit applicable en Polyn\u00e9sie fran\u00e7aise.<\/p>\t\t\t\t\t\t\t\t<\/div>\n\t\t\t\t<\/div>\n\t\t\t\t\t<\/div>\n\t\t\t\t<\/div>\n\t\t\t\t<\/div>\n\t\t","protected":false},"excerpt":{"rendered":"<p>mooreaprivatetours.com<\/p>\n","protected":false},"author":1,"featured_media":0,"parent":0,"menu_order":0,"comment_status":"closed","ping_status":"closed","template":"","meta":{"footnotes":""},"class_list":["post-3784","page","type-page","status-publish","hentry"],"_links":{"self":[{"href":"https:\/\/mooreaprivatetours.com\/fr\/wp-json\/wp\/v2\/pages\/3784","targetHints":{"allow":["GET"]}}],"collection":[{"href":"https:\/\/mooreaprivatetours.com\/fr\/wp-json\/wp\/v2\/pages"}],"about":[{"href":"https:\/\/mooreaprivatetours.com\/fr\/wp-json\/wp\/v2\/types\/page"}],"author":[{"embeddable":true,"href":"https:\/\/mooreaprivatetours.com\/fr\/wp-json\/wp\/v2\/users\/1"}],"replies":[{"embeddable":true,"href":"https:\/\/mooreaprivatetours.com\/fr\/wp-json\/wp\/v2\/comments?post=3784"}],"version-history":[{"count":21,"href":"https:\/\/mooreaprivatetours.com\/fr\/wp-json\/wp\/v2\/pages\/3784\/revisions"}],"predecessor-version":[{"id":11189,"href":"https:\/\/mooreaprivatetours.com\/fr\/wp-json\/wp\/v2\/pages\/3784\/revisions\/11189"}],"wp:attachment":[{"href":"https:\/\/mooreaprivatetours.com\/fr\/wp-json\/wp\/v2\/media?parent=3784"}],"curies":[{"name":"wp","href":"https:\/\/api.w.org\/{rel}","templated":true}]}}