{"id":11001,"date":"2026-02-20T03:07:47","date_gmt":"2026-02-20T13:07:47","guid":{"rendered":"https:\/\/mooreaprivatetours.com\/?page_id=11001"},"modified":"2026-02-23T23:40:24","modified_gmt":"2026-02-24T09:40:24","slug":"politique-de-confidentialite","status":"publish","type":"page","link":"https:\/\/mooreaprivatetours.com\/fr\/politique-de-confidentialite\/","title":{"rendered":"Politique de confidentialit\u00e9"},"content":{"rendered":"\t\t<div data-elementor-type=\"wp-page\" data-elementor-id=\"11001\" class=\"elementor elementor-11001\" data-elementor-post-type=\"page\">\n\t\t\t\t<div class=\"elementor-element elementor-element-394a998b e-flex e-con-boxed wpr-equal-height-no e-con e-parent\" data-id=\"394a998b\" data-element_type=\"container\" data-e-type=\"container\" data-settings=\"{&quot;background_background&quot;:&quot;classic&quot;,&quot;jet_parallax_layout_list&quot;:[]}\">\n\t\t\t\t\t<div class=\"e-con-inner\">\n\t\t\t\t<div class=\"elementor-element elementor-element-73d50a30 elementor-widget__width-initial elementor-widget elementor-widget-heading\" data-id=\"73d50a30\" data-element_type=\"widget\" data-e-type=\"widget\" data-widget_type=\"heading.default\">\n\t\t\t\t<div class=\"elementor-widget-container\">\n\t\t\t\t\t<h1 class=\"elementor-heading-title elementor-size-default\">Politique de confidentialit\u00e9<\/h1>\t\t\t\t<\/div>\n\t\t\t\t<\/div>\n\t\t\t\t<div class=\"elementor-element elementor-element-22519cbb elementor-widget__width-initial elementor-widget elementor-widget-text-editor\" data-id=\"22519cbb\" data-element_type=\"widget\" data-e-type=\"widget\" data-widget_type=\"text-editor.default\">\n\t\t\t\t<div class=\"elementor-widget-container\">\n\t\t\t\t\t\t\t\t\tmooreaprivatetours.com\t\t\t\t\t\t\t\t<\/div>\n\t\t\t\t<\/div>\n\t\t\t\t\t<\/div>\n\t\t\t\t<\/div>\n\t\t<div class=\"elementor-element elementor-element-1a4d412 e-flex e-con-boxed wpr-equal-height-no e-con e-parent\" data-id=\"1a4d412\" data-element_type=\"container\" data-e-type=\"container\" data-settings=\"{&quot;background_background&quot;:&quot;classic&quot;,&quot;jet_parallax_layout_list&quot;:[]}\">\n\t\t\t\t\t<div class=\"e-con-inner\">\n\t\t\t\t<div class=\"elementor-element elementor-element-6ab3e44 elementor-widget elementor-widget-text-editor\" data-id=\"6ab3e44\" data-element_type=\"widget\" data-e-type=\"widget\" data-widget_type=\"text-editor.default\">\n\t\t\t\t<div class=\"elementor-widget-container\">\n\t\t\t\t\t\t\t\t\t<h2>Responsable du traitement<\/h2><p><strong>Moorea Private Tours<\/strong> \u2013 <strong>contact@mooreaprivatetours.com<\/strong><\/p><h2>Donn\u00e9es collect\u00e9es<\/h2><p>Nom, email, t\u00e9l\u00e9phone, pays d\u2019origine, date de r\u00e9servation, nombre de participants, h\u00e9bergement.<br \/>Paiement trait\u00e9 via SystemPay \u2013 Banque de Tahiti.<br \/>Utilisation de Google Analytics et services Google.<\/p><h2>Finalit\u00e9s et base l\u00e9gale<\/h2><p>Ex\u00e9cution du contrat (gestion des r\u00e9servations).<br \/>Consentement (cookies analytiques).<br \/>Obligations l\u00e9gales et comptables.<\/p><h2>Dur\u00e9e de conservation<\/h2><p>Les donn\u00e9es sont conserv\u00e9es pendant la dur\u00e9e n\u00e9cessaire aux obligations contractuelles et l\u00e9gales.<\/p><h2>Partage des donn\u00e9es<\/h2><p>Donn\u00e9es partag\u00e9es uniquement avec les prestataires n\u00e9cessaires (paiement, partenaires concern\u00e9s).<br \/>Certaines donn\u00e9es peuvent \u00eatre transf\u00e9r\u00e9es hors UE via les services Google conform\u00e9ment aux m\u00e9canismes l\u00e9gaux en vigueur.<\/p><h2>S\u00e9curit\u00e9<\/h2><p>Mesures techniques et organisationnelles appropri\u00e9es mises en \u0153uvre.<\/p><h2>Droits des utilisateurs<\/h2><p>Droit d\u2019acc\u00e8s, rectification, suppression, limitation et opposition.<br \/>Toute demande : <strong>contact@mooreaprivatetours.com<\/strong><\/p><p>Possibilit\u00e9 d\u2019introduire une r\u00e9clamation aupr\u00e8s de la CNIL.<\/p><h2>Cookies<\/h2><p>Cookies techniques et analytiques utilis\u00e9s avec consentement via bandeau.<\/p><h2>Litiges<\/h2><p>Comp\u00e9tence des tribunaux de Polyn\u00e9sie fran\u00e7aise.<\/p>\t\t\t\t\t\t\t\t<\/div>\n\t\t\t\t<\/div>\n\t\t\t\t\t<\/div>\n\t\t\t\t<\/div>\n\t\t\t\t<\/div>\n\t\t","protected":false},"excerpt":{"rendered":"<p>mooreaprivatetours.com<\/p>\n","protected":false},"author":2,"featured_media":0,"parent":0,"menu_order":0,"comment_status":"closed","ping_status":"closed","template":"","meta":{"footnotes":""},"class_list":["post-11001","page","type-page","status-publish","hentry"],"_links":{"self":[{"href":"https:\/\/mooreaprivatetours.com\/fr\/wp-json\/wp\/v2\/pages\/11001","targetHints":{"allow":["GET"]}}],"collection":[{"href":"https:\/\/mooreaprivatetours.com\/fr\/wp-json\/wp\/v2\/pages"}],"about":[{"href":"https:\/\/mooreaprivatetours.com\/fr\/wp-json\/wp\/v2\/types\/page"}],"author":[{"embeddable":true,"href":"https:\/\/mooreaprivatetours.com\/fr\/wp-json\/wp\/v2\/users\/2"}],"replies":[{"embeddable":true,"href":"https:\/\/mooreaprivatetours.com\/fr\/wp-json\/wp\/v2\/comments?post=11001"}],"version-history":[{"count":7,"href":"https:\/\/mooreaprivatetours.com\/fr\/wp-json\/wp\/v2\/pages\/11001\/revisions"}],"predecessor-version":[{"id":11199,"href":"https:\/\/mooreaprivatetours.com\/fr\/wp-json\/wp\/v2\/pages\/11001\/revisions\/11199"}],"wp:attachment":[{"href":"https:\/\/mooreaprivatetours.com\/fr\/wp-json\/wp\/v2\/media?parent=11001"}],"curies":[{"name":"wp","href":"https:\/\/api.w.org\/{rel}","templated":true}]}}